{"id":304,"date":"2012-08-17T09:35:29","date_gmt":"2012-08-17T07:35:29","guid":{"rendered":"http:\/\/rheinhessen-honig.de\/?page_id=304"},"modified":"2022-05-06T13:12:45","modified_gmt":"2022-05-06T11:12:45","slug":"futtern","status":"publish","type":"page","link":"https:\/\/rheinhessen-honig.de\/?page_id=304","title":{"rendered":"f\u00fcttern"},"content":{"rendered":"<p>Damit die Bienen ihre Jungbienen aufziehen k\u00f6nnen und auch in Regenzeiten nicht hungern m\u00fcssen, achten wir darauf, dass sie immer ausreichend Futter haben.<\/p>\n<p>Normalerweise ist das kein Problem, ein ausgewachsenes und gesundes Volk k\u00fcmmert sich selbst darum, immer genug Pollen und Honig in der Vorratskammer zu haben.\u00a0Bei einem Jungvolk kann das aber schon ganz anders aussehen, da muss man manchmal mit einer kleinen Futter-Starthilfe etwas nachhelfen.<\/p>\n<p>Vor allem ist es aber wichtig, den Bienen am Ende des Sommers ausreichend Ersatzfutter f\u00fcr den geklauten Honig zu geben, damit die M\u00e4dels im Winter immer etwas zu Futtern haben. Hier spricht der Imker vom sogenannten &#8222;Einf\u00fcttern&#8220;.<\/p>\n<p>Das geht so: aus Zucker und Wasser wird eine dicke Zuckerl\u00f6sung angemischt und in einen drei-Liter-Eimer gef\u00fcllt. Der Eimer wird mit einem Deckel dicht verschlossen. Dieser Deckel hat in der Mitte ein etwa 5-Mark-St\u00fcck-gro\u00dfes Loch in dem sich ein sehr feines Gitter-Netz befindet. Der Eimer wird dann auf den Deckel mitten in die Bienenbehausung gestellt, sodass durch das kleine Gitter die Zuckerl\u00f6sung langsam aber stetig heraustropfen kann und die Bienen diesen Sirup aufnehmen und als Honigersatz in die Waben einbauen.<\/p>\n<p>Hier geht es zu allen Eintr\u00e4gen zum Thema &#8222;f\u00fcttern&#8220;: &#8211;<a href=\"http:\/\/rheinhessen-honig.de\/?page_id=304\">klick<\/a>&#8211;<\/p>\n","protected":false},"excerpt":{"rendered":"<p>Damit die Bienen ihre Jungbienen aufziehen k\u00f6nnen und auch in Regenzeiten nicht hungern m\u00fcssen, achten wir darauf, dass sie immer ausreichend Futter haben. Normalerweise ist das kein Problem, ein ausgewachsenes und gesundes Volk k\u00fcmmert sich selbst darum, immer genug Pollen und Honig in der Vorratskammer zu haben.\u00a0Bei einem Jungvolk kann das aber schon ganz anders &hellip; <a class=\"read-excerpt\" href=\"https:\/\/rheinhessen-honig.de\/?page_id=304\">Weiterlesen <span class=\"meta-nav\">&raquo;<\/span><\/a><\/p>\n","protected":false},"author":1,"featured_media":0,"parent":0,"menu_order":0,"comment_status":"closed","ping_status":"closed","template":"","meta":{"ngg_post_thumbnail":0},"_links":{"self":[{"href":"https:\/\/rheinhessen-honig.de\/index.php?rest_route=\/wp\/v2\/pages\/304"}],"collection":[{"href":"https:\/\/rheinhessen-honig.de\/index.php?rest_route=\/wp\/v2\/pages"}],"about":[{"href":"https:\/\/rheinhessen-honig.de\/index.php?rest_route=\/wp\/v2\/types\/page"}],"author":[{"embeddable":true,"href":"https:\/\/rheinhessen-honig.de\/index.php?rest_route=\/wp\/v2\/users\/1"}],"replies":[{"embeddable":true,"href":"https:\/\/rheinhessen-honig.de\/index.php?rest_route=%2Fwp%2Fv2%2Fcomments&post=304"}],"version-history":[{"count":6,"href":"https:\/\/rheinhessen-honig.de\/index.php?rest_route=\/wp\/v2\/pages\/304\/revisions"}],"predecessor-version":[{"id":366,"href":"https:\/\/rheinhessen-honig.de\/index.php?rest_route=\/wp\/v2\/pages\/304\/revisions\/366"}],"wp:attachment":[{"href":"https:\/\/rheinhessen-honig.de\/index.php?rest_route=%2Fwp%2Fv2%2Fmedia&parent=304"}],"curies":[{"name":"wp","href":"https:\/\/api.w.org\/{rel}","templated":true}]}}