{"id":301,"date":"2012-08-17T09:20:50","date_gmt":"2012-08-17T07:20:50","guid":{"rendered":"http:\/\/rheinhessen-honig.de\/?page_id=301"},"modified":"2022-05-06T13:12:41","modified_gmt":"2022-05-06T11:12:41","slug":"ernten","status":"publish","type":"page","link":"https:\/\/rheinhessen-honig.de\/?page_id=301","title":{"rendered":"ernten"},"content":{"rendered":"<p>Die Honigernte ist der eigentliche Sinn und Zweck des Bienenhaltens. Nat\u00fcrlich macht das Drumherum auch Spa\u00df, aber ohne die Aussicht auf Honig w\u00fcrden wir vermutlich keine Bienen halten.<\/p>\n<p>Normalerweise gibt es bei uns Ende Mai den ersten Honig im Jahr und je nachdem, wie Wetter und Bl\u00fcte mitspielen, gibt es dann bis Mitte August noch eine oder zwei Schleuderungen.<\/p>\n<p>Schleuderung? Achso, ja: die Bienen lagern den Honig in ihrem kleinen sechseckigen Wachswaben und machen ihn darin haltbar, damit sie ihn sp\u00e4ter im Winter oder auch erst im n\u00e4chsten Jahr essen k\u00f6nnen. Die sogenannte &#8222;Schleuder&#8220; sorgt daf\u00fcr, dass der Honig aus den Waben rausgeschleudert wird und danach ins Glas abgef\u00fcllt werden kann.<\/p>\n<p>Daf\u00fcr wird zuerst der kleine Wachsdeckel von der gef\u00fcllten Honigwabe vorsichtig entfernt, die entdeckelte Honigwabe dann in die Schleuder gestellt und durch Drehen sorgt dann die Zentrifugalkraft daf\u00fcr, dass der Honig aus der Wabe in die Schleuder fliegt.<\/p>\n<p>Schwer zu erkl\u00e4ren: am besten schaut ihr euch das mal live an oder zumindest auf den Fotos.<\/p>\n<p>Hier findet ihr alle Eintr\u00e4ge zum Thema &#8222;ernten&#8220;: &#8211;<a href=\"http:\/\/rheinhessen-honig.de\/?cat=5\">klick<\/a>&#8211;<\/p>\n","protected":false},"excerpt":{"rendered":"<p>Die Honigernte ist der eigentliche Sinn und Zweck des Bienenhaltens. Nat\u00fcrlich macht das Drumherum auch Spa\u00df, aber ohne die Aussicht auf Honig w\u00fcrden wir vermutlich keine Bienen halten. Normalerweise gibt es bei uns Ende Mai den ersten Honig im Jahr und je nachdem, wie Wetter und Bl\u00fcte mitspielen, gibt es dann bis Mitte August noch &hellip; <a class=\"read-excerpt\" href=\"https:\/\/rheinhessen-honig.de\/?page_id=301\">Weiterlesen <span class=\"meta-nav\">&raquo;<\/span><\/a><\/p>\n","protected":false},"author":1,"featured_media":0,"parent":0,"menu_order":0,"comment_status":"closed","ping_status":"closed","template":"","meta":{"ngg_post_thumbnail":0},"_links":{"self":[{"href":"https:\/\/rheinhessen-honig.de\/index.php?rest_route=\/wp\/v2\/pages\/301"}],"collection":[{"href":"https:\/\/rheinhessen-honig.de\/index.php?rest_route=\/wp\/v2\/pages"}],"about":[{"href":"https:\/\/rheinhessen-honig.de\/index.php?rest_route=\/wp\/v2\/types\/page"}],"author":[{"embeddable":true,"href":"https:\/\/rheinhessen-honig.de\/index.php?rest_route=\/wp\/v2\/users\/1"}],"replies":[{"embeddable":true,"href":"https:\/\/rheinhessen-honig.de\/index.php?rest_route=%2Fwp%2Fv2%2Fcomments&post=301"}],"version-history":[{"count":3,"href":"https:\/\/rheinhessen-honig.de\/index.php?rest_route=\/wp\/v2\/pages\/301\/revisions"}],"predecessor-version":[{"id":303,"href":"https:\/\/rheinhessen-honig.de\/index.php?rest_route=\/wp\/v2\/pages\/301\/revisions\/303"}],"wp:attachment":[{"href":"https:\/\/rheinhessen-honig.de\/index.php?rest_route=%2Fwp%2Fv2%2Fmedia&parent=301"}],"curies":[{"name":"wp","href":"https:\/\/api.w.org\/{rel}","templated":true}]}}