{"id":3,"date":"2007-07-24T21:07:13","date_gmt":"2007-07-24T19:07:13","guid":{"rendered":"http:\/\/rheinhessen-honig.de\/wordpress\/?page_id=3"},"modified":"2022-05-06T13:12:38","modified_gmt":"2022-05-06T11:12:38","slug":"durchkuck%c2%b4n","status":"publish","type":"page","link":"https:\/\/rheinhessen-honig.de\/?page_id=3","title":{"rendered":"durchkuck\u00b4n"},"content":{"rendered":"<p>Zwischen April und September muss man alle 14 Tage dieV\u00f6lker \u00a0auf so genannte Weiselzellen kontrollieren. Aus diesen w\u00fcrde eine K\u00f6nigin schl\u00fcpfen und da die alte K\u00f6nigin dannmit ihrem gesamten Staat &#8222;die Fliege&#8220; machen w\u00fcrde, verhindert man das ganze, indem man diese Weiselzellen fr\u00fchstm\u00f6glich entfernt&#8230;<\/p>\n<p>Aber auch im Fr\u00fchjahr vor der Weiselzellenzeit gilt es, in die Bienenbehausungen reinzuschaun, um zu \u00fcberpr\u00fcfen, dass die Bienen genug zu futtern haben, nicht krank sind und genug Brut angesetzt haben.<\/p>\n<p>Im Sp\u00e4tjahr, enn die Weiselzellenzeit vorbei ist und der Honig geerntet wurde, muss auch durchgekuckt werden, dann werden die ausgeschleuderten Waben n\u00e4mlich von den Bienen geputzt, Winterfutter eingelagert und alles winterfest gemacht.<\/p>\n<p>Zwischen November und Februar ist dann &#8222;Durchkuck-Pasue&#8220;<\/p>\n<p>Hier gibt es alle &#8222;durchkuckn-Artikel&#8220;: &#8211;<a href=\"http:\/\/rheinhessen-honig.de\/?cat=4\">klick<\/a>&#8211;<\/p>\n<p>.<\/p>\n","protected":false},"excerpt":{"rendered":"<p>Zwischen April und September muss man alle 14 Tage dieV\u00f6lker \u00a0auf so genannte Weiselzellen kontrollieren. Aus diesen w\u00fcrde eine K\u00f6nigin schl\u00fcpfen und da die alte K\u00f6nigin dannmit ihrem gesamten Staat &#8222;die Fliege&#8220; machen w\u00fcrde, verhindert man das ganze, indem man diese Weiselzellen fr\u00fchstm\u00f6glich entfernt&#8230; Aber auch im Fr\u00fchjahr vor der Weiselzellenzeit gilt es, in die &hellip; <a class=\"read-excerpt\" href=\"https:\/\/rheinhessen-honig.de\/?page_id=3\">Weiterlesen <span class=\"meta-nav\">&raquo;<\/span><\/a><\/p>\n","protected":false},"author":1,"featured_media":0,"parent":0,"menu_order":0,"comment_status":"closed","ping_status":"closed","template":"","meta":{"ngg_post_thumbnail":0},"_links":{"self":[{"href":"https:\/\/rheinhessen-honig.de\/index.php?rest_route=\/wp\/v2\/pages\/3"}],"collection":[{"href":"https:\/\/rheinhessen-honig.de\/index.php?rest_route=\/wp\/v2\/pages"}],"about":[{"href":"https:\/\/rheinhessen-honig.de\/index.php?rest_route=\/wp\/v2\/types\/page"}],"author":[{"embeddable":true,"href":"https:\/\/rheinhessen-honig.de\/index.php?rest_route=\/wp\/v2\/users\/1"}],"replies":[{"embeddable":true,"href":"https:\/\/rheinhessen-honig.de\/index.php?rest_route=%2Fwp%2Fv2%2Fcomments&post=3"}],"version-history":[{"count":4,"href":"https:\/\/rheinhessen-honig.de\/index.php?rest_route=\/wp\/v2\/pages\/3\/revisions"}],"predecessor-version":[{"id":1361,"href":"https:\/\/rheinhessen-honig.de\/index.php?rest_route=\/wp\/v2\/pages\/3\/revisions\/1361"}],"wp:attachment":[{"href":"https:\/\/rheinhessen-honig.de\/index.php?rest_route=%2Fwp%2Fv2%2Fmedia&parent=3"}],"curies":[{"name":"wp","href":"https:\/\/api.w.org\/{rel}","templated":true}]}}